{"id":817,"date":"2018-11-08T21:34:21","date_gmt":"2018-11-08T20:34:21","guid":{"rendered":"https:\/\/vernissage.me\/filosofi\/"},"modified":"2018-11-08T21:34:21","modified_gmt":"2018-11-08T20:34:21","slug":"filosofi","status":"publish","type":"page","link":"https:\/\/vernissage.me\/da\/","title":{"rendered":"Filosofi"},"content":{"rendered":"<p><em>Vernissage.me<\/em> er et gr\u00e6nseoverskridende socialt mode- og kunstm\u00e6rke med det form\u00e5l at fremme kunstnere og udvikle interkulturelle arbejdsmilj\u00f8er.<\/p>\n<p>Hvis du er interesseret i at blive involveret i projektet, s\u00e5 t\u00f8v ikke med at kontakte os:<\/p>\n<p>art @ vernissage.me<\/p>\n","protected":false},"excerpt":{"rendered":"<p>Vernissage.me er et gr\u00e6nseoverskridende socialt mode- og kunstm\u00e6rke med det form\u00e5l at fremme kunstnere og udvikle interkulturelle arbejdsmilj\u00f8er. Hvis du er interesseret i at blive involveret i projektet, s\u00e5 t\u00f8v <a class=\"more-link\" href=\"https:\/\/vernissage.me\/da\/\">Read More &#8230;<\/a><\/p>\n","protected":false},"author":1,"featured_media":0,"parent":0,"menu_order":0,"comment_status":"closed","ping_status":"closed","template":"","meta":[],"_links":{"self":[{"href":"https:\/\/vernissage.me\/da\/wp-json\/wp\/v2\/pages\/817"}],"collection":[{"href":"https:\/\/vernissage.me\/da\/wp-json\/wp\/v2\/pages"}],"about":[{"href":"https:\/\/vernissage.me\/da\/wp-json\/wp\/v2\/types\/page"}],"author":[{"embeddable":true,"href":"https:\/\/vernissage.me\/da\/wp-json\/wp\/v2\/users\/1"}],"replies":[{"embeddable":true,"href":"https:\/\/vernissage.me\/da\/wp-json\/wp\/v2\/comments?post=817"}],"version-history":[{"count":0,"href":"https:\/\/vernissage.me\/da\/wp-json\/wp\/v2\/pages\/817\/revisions"}],"wp:attachment":[{"href":"https:\/\/vernissage.me\/da\/wp-json\/wp\/v2\/media?parent=817"}],"curies":[{"name":"wp","href":"https:\/\/api.w.org\/{rel}","templated":true}]}}