{"id":807,"date":"2018-11-08T21:16:07","date_gmt":"2018-11-08T20:16:07","guid":{"rendered":"https:\/\/vernissage.me\/philosophie\/"},"modified":"2018-11-08T21:33:08","modified_gmt":"2018-11-08T20:33:08","slug":"philosophie","status":"publish","type":"page","link":"https:\/\/vernissage.me\/de\/","title":{"rendered":"Philosophie"},"content":{"rendered":"<p><em>Vernissage.me<\/em> ist ein grenz\u00fcberschreitendes soziales Mode- und Kunstlabel mit dem Ziel, K\u00fcnstler*innen zu f\u00f6rdern und interkulturelle Arbeitsumfelder zu entwickeln.<\/p>\n<p>Wenn Du daran interessiert bist, Dich an dem Projekt zu beteiligen, z\u00f6gere bitte nicht uns zu kontaktieren:<\/p>\n<p>art @ vernissage.me<\/p>\n","protected":false},"excerpt":{"rendered":"<p>Vernissage.me ist ein grenz\u00fcberschreitendes soziales Mode- und Kunstlabel mit dem Ziel, K\u00fcnstler*innen zu f\u00f6rdern und interkulturelle Arbeitsumfelder zu entwickeln. Wenn Du daran interessiert bist, Dich an dem Projekt zu beteiligen, <a class=\"more-link\" href=\"https:\/\/vernissage.me\/de\/\">Read More &#8230;<\/a><\/p>\n","protected":false},"author":1,"featured_media":0,"parent":0,"menu_order":0,"comment_status":"closed","ping_status":"closed","template":"","meta":[],"_links":{"self":[{"href":"https:\/\/vernissage.me\/de\/wp-json\/wp\/v2\/pages\/807"}],"collection":[{"href":"https:\/\/vernissage.me\/de\/wp-json\/wp\/v2\/pages"}],"about":[{"href":"https:\/\/vernissage.me\/de\/wp-json\/wp\/v2\/types\/page"}],"author":[{"embeddable":true,"href":"https:\/\/vernissage.me\/de\/wp-json\/wp\/v2\/users\/1"}],"replies":[{"embeddable":true,"href":"https:\/\/vernissage.me\/de\/wp-json\/wp\/v2\/comments?post=807"}],"version-history":[{"count":2,"href":"https:\/\/vernissage.me\/de\/wp-json\/wp\/v2\/pages\/807\/revisions"}],"predecessor-version":[{"id":816,"href":"https:\/\/vernissage.me\/de\/wp-json\/wp\/v2\/pages\/807\/revisions\/816"}],"wp:attachment":[{"href":"https:\/\/vernissage.me\/de\/wp-json\/wp\/v2\/media?parent=807"}],"curies":[{"name":"wp","href":"https:\/\/api.w.org\/{rel}","templated":true}]}}